{"id":122,"date":"2021-06-06T10:00:48","date_gmt":"2021-06-06T08:00:48","guid":{"rendered":"https:\/\/www.quintadopessegueiro.com\/?page_id=122"},"modified":"2024-02-26T12:29:17","modified_gmt":"2024-02-26T11:29:17","slug":"espace-pro","status":"publish","type":"page","link":"https:\/\/www.quintadopessegueiro.com\/pt\/espace-pro\/","title":{"rendered":"Espa\u00e7o pro"},"content":{"rendered":"<div data-elementor-type=\"wp-page\" data-elementor-id=\"122\" class=\"elementor elementor-122\" data-elementor-post-type=\"page\">\n\t\t\t\t\t\t\t\t\t<section class=\"elementor-section elementor-top-section elementor-element elementor-element-b904068 elementor-section-height-min-height elementor-section-boxed elementor-section-height-default elementor-section-items-middle\" data-id=\"b904068\" data-element_type=\"section\" data-settings=\"{&quot;background_background&quot;:&quot;classic&quot;}\">\n\t\t\t\t\t\t\t<div class=\"elementor-background-overlay\"><\/div>\n\t\t\t\t\t\t\t<div class=\"elementor-container elementor-column-gap-default\">\n\t\t\t\t\t<div class=\"elementor-column elementor-col-100 elementor-top-column elementor-element elementor-element-e7afefb\" data-id=\"e7afefb\" data-element_type=\"column\">\n\t\t\t<div class=\"elementor-widget-wrap elementor-element-populated\">\n\t\t\t\t\t\t\t\t<div class=\"elementor-element elementor-element-6d18c13 elementor-widget elementor-widget-heading\" data-id=\"6d18c13\" data-element_type=\"widget\" data-widget_type=\"heading.default\">\n\t\t\t\t<div class=\"elementor-widget-container\">\n\t\t\t<h2 class=\"elementor-heading-title elementor-size-default\">Espa\u00e7o pro<\/h2>\t\t<\/div>\n\t\t\t\t<\/div>\n\t\t\t\t\t<\/div>\n\t\t<\/div>\n\t\t\t\t\t\t\t<\/div>\n\t\t<\/section>\n\t\t\t\t<section class=\"elementor-section elementor-top-section elementor-element elementor-element-8009878 elementor-section-boxed elementor-section-height-default elementor-section-height-default\" data-id=\"8009878\" data-element_type=\"section\">\n\t\t\t\t\t\t<div class=\"elementor-container elementor-column-gap-default\">\n\t\t\t\t\t<div class=\"elementor-column elementor-col-100 elementor-top-column elementor-element elementor-element-4310d9d\" data-id=\"4310d9d\" data-element_type=\"column\">\n\t\t\t<div class=\"elementor-widget-wrap elementor-element-populated\">\n\t\t\t\t\t\t\t\t<div class=\"elementor-element elementor-element-78d3e61 elementor-widget elementor-widget-shortcode\" data-id=\"78d3e61\" data-element_type=\"widget\" data-widget_type=\"shortcode.default\">\n\t\t\t\t<div class=\"elementor-widget-container\">\n\t\t\t\t\t<div class=\"elementor-shortcode\"><div class=\"passster-form\" id=\"ps-431\">\n    <form class=\"password-form\" method=\"post\" autocomplete=\"off\" target=\"_top\" action=\"\">\n        <h4>\u00c1rea Protegida<\/h4>\n        <p>Este conte\u00fado est\u00e1 protegido por palavra-passe. Por favor, verifique com uma palavra-passe para desbloquear o conte\u00fado.<\/p>\n        <fieldset>\n            <span class=\"ps-loader\"><img decoding=\"async\" src=\"https:\/\/www.quintadopessegueiro.com\/wp-content\/plugins\/content-protector\/assets\/public\/ps-loader.svg\" alt=\"\" title=\"Foto - &quot;\"><\/span>\n            <label for=\"passster_password\" style=\"display:none;\">Introduza a sua palavra-passe<\/label>\n            <input placeholder=\"Introduza a sua palavra-passe...\" type=\"password\" tabindex=\"1\" name=\"passster_password\"\n                   id=\"passster_password\" class=\"passster-password\" autocomplete=\"off\"\n                   data-protection-type=\"password\" data-list=\"[PASSSTER_LIST]\" data-area=\"2953\"\n                   data-protection=\"area\">\n            \n            <button name=\"submit\" type=\"submit\" class=\"passster-submit\" data-psid=\"ps-431\" \n                    data-submit=\"...Checking Password\" data-redirect=\"\">Validar\n            <\/button>\n            <div class=\"passster-error\"><\/div>\n        <\/fieldset>\n    <input type=\"hidden\" name=\"trp-form-language\" value=\"pt\"\/><\/form>\n<\/div><\/div>\n\t\t\t\t<\/div>\n\t\t\t\t<\/div>\n\t\t\t\t\t<\/div>\n\t\t<\/div>\n\t\t\t\t\t\t\t<\/div>\n\t\t<\/section>\n\t\t\t\t<section class=\"elementor-section elementor-top-section elementor-element elementor-element-1d911f5d elementor-section-boxed elementor-section-height-default elementor-section-height-default\" data-id=\"1d911f5d\" data-element_type=\"section\">\n\t\t\t\t\t\t<div class=\"elementor-container elementor-column-gap-default\">\n\t\t\t\t\t<div class=\"elementor-column elementor-col-100 elementor-top-column elementor-element elementor-element-e129bad\" data-id=\"e129bad\" data-element_type=\"column\">\n\t\t\t<div class=\"elementor-widget-wrap\">\n\t\t\t\t\t\t\t\t\t<\/div>\n\t\t<\/div>\n\t\t\t\t\t\t\t<\/div>\n\t\t<\/section>\n\t\t\t\t\t\t\t<\/div>","protected":false},"excerpt":{"rendered":"<p>Espa\u00e7o pro<\/p>","protected":false},"author":3,"featured_media":0,"parent":0,"menu_order":0,"comment_status":"closed","ping_status":"closed","template":"","meta":{"inline_featured_image":false,"passster_activate_protection":null,"passster_protect_child_pages":"","passster_protection_type":"password","passster_password":"","passster_activate_overwrite_defaults":"","passster_headline":"","passster_instruction":"","passster_placeholder":"","passster_button":"","passster_id":"","passster_activate_misc_settings":"","passster_redirect_url":"","passster_hide":"no","passster_area_shortcode":""},"_links":{"self":[{"href":"https:\/\/www.quintadopessegueiro.com\/pt\/wp-json\/wp\/v2\/pages\/122"}],"collection":[{"href":"https:\/\/www.quintadopessegueiro.com\/pt\/wp-json\/wp\/v2\/pages"}],"about":[{"href":"https:\/\/www.quintadopessegueiro.com\/pt\/wp-json\/wp\/v2\/types\/page"}],"author":[{"embeddable":true,"href":"https:\/\/www.quintadopessegueiro.com\/pt\/wp-json\/wp\/v2\/users\/3"}],"replies":[{"embeddable":true,"href":"https:\/\/www.quintadopessegueiro.com\/pt\/wp-json\/wp\/v2\/comments?post=122"}],"version-history":[{"count":119,"href":"https:\/\/www.quintadopessegueiro.com\/pt\/wp-json\/wp\/v2\/pages\/122\/revisions"}],"predecessor-version":[{"id":7704,"href":"https:\/\/www.quintadopessegueiro.com\/pt\/wp-json\/wp\/v2\/pages\/122\/revisions\/7704"}],"wp:attachment":[{"href":"https:\/\/www.quintadopessegueiro.com\/pt\/wp-json\/wp\/v2\/media?parent=122"}],"curies":[{"name":"wp","href":"https:\/\/api.w.org\/{rel}","templated":true}]}}