{"id":179,"date":"2021-06-06T10:34:52","date_gmt":"2021-06-06T08:34:52","guid":{"rendered":"https:\/\/www.quintadopessegueiro.com\/?page_id=179"},"modified":"2021-07-15T15:05:17","modified_gmt":"2021-07-15T13:05:17","slug":"mentions-legales","status":"publish","type":"page","link":"https:\/\/www.quintadopessegueiro.com\/pt\/mentions-legales\/","title":{"rendered":"Avisos Legais"},"content":{"rendered":"<div data-elementor-type=\"wp-page\" data-elementor-id=\"179\" class=\"elementor elementor-179\" data-elementor-post-type=\"page\">\n\t\t\t\t\t\t\t\t\t<section class=\"elementor-section elementor-top-section elementor-element elementor-element-29eba45 elementor-section-boxed elementor-section-height-default elementor-section-height-default\" data-id=\"29eba45\" data-element_type=\"section\">\n\t\t\t\t\t\t<div class=\"elementor-container elementor-column-gap-wide\">\n\t\t\t\t\t<div class=\"elementor-column elementor-col-100 elementor-top-column elementor-element elementor-element-b3a2890\" data-id=\"b3a2890\" data-element_type=\"column\">\n\t\t\t<div class=\"elementor-widget-wrap elementor-element-populated\">\n\t\t\t\t\t\t\t\t<div class=\"elementor-element elementor-element-e055a6f elementor-widget elementor-widget-heading\" data-id=\"e055a6f\" data-element_type=\"widget\" data-widget_type=\"heading.default\">\n\t\t\t\t<div class=\"elementor-widget-container\">\n\t\t\t<h2 class=\"elementor-heading-title elementor-size-default\">Informa\u00e7\u00e3o legal<\/h2>\t\t<\/div>\n\t\t\t\t<\/div>\n\t\t\t\t<div class=\"elementor-element elementor-element-15c98a8 elementor-widget-divider--view-line elementor-widget elementor-widget-divider\" data-id=\"15c98a8\" data-element_type=\"widget\" data-widget_type=\"divider.default\">\n\t\t\t\t<div class=\"elementor-widget-container\">\n\t\t\t\t\t<div class=\"elementor-divider\">\n\t\t\t<span class=\"elementor-divider-separator\">\n\t\t\t\t\t\t<\/span>\n\t\t<\/div>\n\t\t\t\t<\/div>\n\t\t\t\t<\/div>\n\t\t\t\t<div class=\"elementor-element elementor-element-b949231 elementor-widget elementor-widget-text-editor\" data-id=\"b949231\" data-element_type=\"widget\" data-widget_type=\"text-editor.default\">\n\t\t\t\t<div class=\"elementor-widget-container\">\n\t\t\t\t\t\t\t<p>Nome da empresa : Ch\u00e2teau Saint-Maur Cru Class\u00e9<br \/>Diretor da publica\u00e7\u00e3o: Marc Monrose<br \/>Capital social: 12 milh\u00f5es de euros<br \/>N\u00famero de Siret: 595 480 096 000 14<br \/>Sede: 535, route de Collobri\u00e8res - 83310 COGOLIN - Fran\u00e7a<br \/>Cr\u00e9dito fotogr\u00e1fico: \u00a9Ch\u00e2teau Saint Maur Cru Class\u00e9<\/p><p><strong>Responsabilidade<\/strong><\/p><p>Ao acessar este site, voc\u00ea \u00e9 informado de que o uso da Internet exige o cumprimento de um conjunto de leis relacionadas, em particular, aos direitos autorais e \u00e0 Lei de Prote\u00e7\u00e3o de Dados. Maison Zannier e Eliopot n\u00e3o podem ser responsabilizadas por quaisquer erros ou omiss\u00f5es, e a editora tamb\u00e9m se reserva o direito de modificar e atualizar os dados no site a qualquer momento.<br \/>Direitos Autorais<\/p><p>Em aplica\u00e7\u00e3o do C\u00f3digo da Propriedade Intelectual, a reprodu\u00e7\u00e3o para qualquer utiliza\u00e7\u00e3o que n\u00e3o seja privada, a venda, a distribui\u00e7\u00e3o, a publica\u00e7\u00e3o, a adapta\u00e7\u00e3o ou a comunica\u00e7\u00e3o, parcial ou total, dos dados (apresenta\u00e7\u00e3o, layout do site, fotos, textos e ilustra\u00e7\u00f5es protegidos por direitos autorais) est\u00e3o estritamente sujeitos \u00e0 autoriza\u00e7\u00e3o pr\u00e9via por escrito dos titulares dos direitos acima mencionados.<\/p><p><strong>Tecnologia da informa\u00e7\u00e3o e liberdades civis<\/strong><\/p><p>Qualquer utilizador que tenha submetido directa ou indirectamente informa\u00e7\u00f5es nominativas tem o direito de acesso e de rectifica\u00e7\u00e3o em conformidade com a lei n\u00b0 7817 de 6\/01\/78 (Inform\u00e1tica e Liberdades) ao administrador do site.<br \/>Protec\u00e7\u00e3o de dados pessoais<br \/>Identidade do controlador<\/p><p>O Site \u00e9 publicado pela empresa operacional cujos dados de contato est\u00e3o acima.<br \/>O acesso ao site e a utiliza\u00e7\u00e3o do seu conte\u00fado est\u00e3o sujeitos aos termos de utiliza\u00e7\u00e3o descritos abaixo.<br \/>Natureza dos dados pessoais<\/p><p>Dados pessoais\" significa qualquer informa\u00e7\u00e3o pessoal que voc\u00ea possa compartilhar com a empresa operacional e que possa permitir \u00e0 empresa operacional, direta ou indiretamente, identific\u00e1-lo como uma pessoa f\u00edsica, por exemplo, ao visitar o site, solicitar informa\u00e7\u00f5es, reservar um quarto e outros servi\u00e7os.<br \/>Os dados pessoais recolhidos<\/p><p>Voc\u00ea pode ser solicitado a fornecer seus dados pessoais ao navegar no site da empresa operadora.<\/p><p>O car\u00e1cter obrigat\u00f3rio ou facultativo das informa\u00e7\u00f5es solicitadas \u00e9 indicado no momento da recolha por um asterisco \"*\". As informa\u00e7\u00f5es solicitadas marcadas com um asterisco s\u00e3o obrigat\u00f3rias porque s\u00e3o essenciais para o processamento dos seus v\u00e1rios pedidos. As outras informa\u00e7\u00f5es destinam-se a conhec\u00ea-lo melhor e a melhorar os servi\u00e7os que lhe s\u00e3o oferecidos. \u00c9, portanto, opcional.<\/p><p>A empresa operacional coleta e processa seu nome, nome, endere\u00e7o de e-mail, endere\u00e7o para cobran\u00e7a, n\u00famero de telefone, endere\u00e7o IP, dados de conex\u00e3o e dados de navega\u00e7\u00e3o, suas prefer\u00eancias e interesses (quarto de n\u00e3o fumantes, quarto preferido, tipo de estadia, etc.), suas revis\u00f5es online.<br \/>Quando \u00e9 que os seus dados pessoais s\u00e3o recolhidos?<\/p><p>Voc\u00ea navega no site (endere\u00e7o IP e Cookies) e consulta produtos ou servi\u00e7os;<br \/>Voc\u00ea fornece \u00e0 empresa operadora suas observa\u00e7\u00f5es\/coment\u00e1rios em determinadas se\u00e7\u00f5es, atrav\u00e9s de question\u00e1rios ou formul\u00e1rios de contato, p\u00e1gina oficial das redes sociais da empresa operadora;<br \/>Voc\u00ea envia um e-mail para a empresa operadora;<br \/>Voc\u00ea se inscreve na lista de discuss\u00e3o da newsletter;<br \/>Voc\u00ea compartilha uma p\u00e1gina ou uma oferta enviando um e-mail ou atrav\u00e9s de uma rede social;<br \/>Voc\u00ea responde a um question\u00e1rio de satisfa\u00e7\u00e3o;<br \/>Voc\u00ea faz um pedido de or\u00e7amento.<\/p><p><strong>Armazenamento de dados<\/strong><\/p><p>A informa\u00e7\u00e3o recolhida \u00e9 armazenada nos nossos v\u00e1rios sistemas de reservas em bases de dados seguras, certificadas por SSL.<\/p><p>Esta base de dados inclui: nomes dos convidados, endere\u00e7os, n\u00fameros de telefone, posi\u00e7\u00f5es, nomes de empresas e detalhes de cart\u00f5es de cr\u00e9dito. Tamb\u00e9m podemos registar outras informa\u00e7\u00f5es como o seu quarto, refei\u00e7\u00e3o, bebida e outras prefer\u00eancias de servi\u00e7o, e a sua hist\u00f3ria connosco.<br \/>Objetivo da coleta de dados pela sociedade operacional<\/p><p>Atrav\u00e9s do site, a empresa operadora coleta dados sobre voc\u00ea que s\u00e3o estritamente necess\u00e1rios para os seguintes prop\u00f3sitos:<\/p><p>A fim de gerir os seus pedidos de informa\u00e7\u00e3o e reservas, bem como qualquer programa de fideliza\u00e7\u00e3o;<br \/>Para melhorar e personalizar os servi\u00e7os da empresa operadora a fim de facilitar a sua navega\u00e7\u00e3o no site;<br \/>Para gerir e monitorizar toda a rela\u00e7\u00e3o com o cliente;<br \/>Gerir o registo para as not\u00edcias e ofertas promocionais da empresa operadora (newsletter);<br \/>Para gerir todos os seus pedidos de acesso de acordo com a legisla\u00e7\u00e3o em vigor;<br \/>Gest\u00e3o de contas n\u00e3o pagas e disputas;<br \/>Para gerir os pedidos de candidatura no contexto das ofertas de emprego da empresa operacional que chamaram a sua aten\u00e7\u00e3o, ou qualquer pedido de candidatura n\u00e3o solicitado;<br \/>Medindo qualidade e satisfa\u00e7\u00e3o.<\/p><p>Se voc\u00ea n\u00e3o fornecer as informa\u00e7\u00f5es necess\u00e1rias, o seu pedido n\u00e3o poder\u00e1 ser processado.<br \/>Compromissos da empresa operadora em rela\u00e7\u00e3o \u00e0 prote\u00e7\u00e3o de dados pessoais<br \/>Transpar\u00eancia e prop\u00f3sito :<\/p><p>Nenhum dado pessoal \u00e9 ou ser\u00e1 coletado sem o seu conhecimento. O car\u00e1cter facultativo ou obrigat\u00f3rio das informa\u00e7\u00f5es a comunicar \u00e0 empresa operadora no \u00e2mbito da recolha efectuada no website ser-lhe-\u00e1 previamente indicado, atrav\u00e9s da presen\u00e7a do s\u00edmbolo \"*\" asterisco. A empresa operativa recolhe e processa os seus dados pessoais exclusivamente para os fins descritos neste Aviso Legal.<br \/>Proporcionalidade e relev\u00e2ncia :<\/p><p>A empresa operativa apenas recolhe e processa os dados pessoais necess\u00e1rios para o correcto tratamento do seu pedido ou para a personaliza\u00e7\u00e3o dos servi\u00e7os que lhe s\u00e3o oferecidos.<br \/>Tempo de armazenamento de dados :<\/p><p>A empresa operadora manter\u00e1 os seus dados pessoais apenas durante o tempo necess\u00e1rio para o processamento de acordo com a lei aplic\u00e1vel.<br \/>Seguran\u00e7a e privacidade :<\/p><p>A empresa operativa compromete-se a tomar as medidas necess\u00e1rias para garantir a confidencialidade dos dados e a n\u00e3o os divulgar a terceiros n\u00e3o autorizados.<\/p><p>Podemos divulgar as suas informa\u00e7\u00f5es pessoais \u00e0s autoridades locais se exigido por lei ou no decurso de uma investiga\u00e7\u00e3o e de acordo com os regulamentos locais.<\/p><p>Como na maioria dos websites, certas informa\u00e7\u00f5es s\u00e3o automaticamente gravadas atrav\u00e9s de um protocolo. Esta informa\u00e7\u00e3o inclui endere\u00e7os de protocolo (endere\u00e7o IP), tipo de browser utilizado, fornecedor de servi\u00e7os de Internet, p\u00e1ginas de refer\u00eancia e finais, sistema operativo, data, hora e dados clickstream.<\/p><p>Os cookies n\u00e3o registram informa\u00e7\u00f5es fornecidas pelos usu\u00e1rios durante uma reserva on-line ou ao se registrar para uma conta de cliente. Os cookies identificam o seu browser e n\u00e3o voc\u00ea e n\u00e3o podem por si s\u00f3 revelar a sua identidade.<br \/>Respeitando os seus direitos :<\/p><p>\u00c9 informado dos seus direitos de interrogat\u00f3rio, acesso, rectifica\u00e7\u00e3o e oposi\u00e7\u00e3o por raz\u00f5es leg\u00edtimas, bem como do seu direito de oposi\u00e7\u00e3o \u00e0 prospec\u00e7\u00e3o comercial, em conformidade com as disposi\u00e7\u00f5es da lei n\u00b078-17 de 6 de Janeiro de 1978.<br \/>Direitos de acesso, rectifica\u00e7\u00e3o e oposi\u00e7\u00e3o :<\/p><p>Em conformidade com a lei n\u00b0 78-17 de 6 de Janeiro de 1978, relativa ao tratamento de dados, ficheiros e liberdades, beneficia, mediante simples pedido escrito, de um direito de acesso e de rectifica\u00e7\u00e3o sobre as informa\u00e7\u00f5es que lhe dizem respeito.<br \/>Voc\u00ea tamb\u00e9m pode, por raz\u00f5es leg\u00edtimas, opor-se ao processamento dos seus dados.<\/p><p>Para exercer qualquer destes direitos e obter informa\u00e7\u00f5es sobre voc\u00ea, basta entrar em contato com a empresa operacional cujos dados de contato est\u00e3o dispon\u00edveis no in\u00edcio deste Aviso Legal.<\/p><p><strong>COOKIES<\/strong><\/p><p>Ao consultar o site, certas informa\u00e7\u00f5es relativas \u00e0 navega\u00e7\u00e3o do seu terminal podem ser gravadas em arquivos chamados \"Cookies\" instalados no seu terminal, sujeitos \u00e0s escolhas que voc\u00ea expressou em rela\u00e7\u00e3o aos cookies e que voc\u00ea pode modificar a qualquer momento.<\/p><p>Um cookie \u00e9 um pequeno ficheiro de texto guardado num espa\u00e7o dedicado no disco r\u00edgido do seu terminal quando consulta um servi\u00e7o online utilizando o seu browser. Permite ao seu emissor identificar o terminal em que est\u00e1 armazenado, durante o per\u00edodo de validade ou armazenamento do cookie.<\/p><p>Os cookies emitidos pela empresa operadora s\u00e3o utilizados para os fins descritos abaixo, durante o per\u00edodo de validade do cookie em quest\u00e3o, sujeitos \u00e0s suas escolhas resultantes das configura\u00e7\u00f5es do software do seu navegador utilizado durante a sua visita ao site, cujas configura\u00e7\u00f5es voc\u00ea pode modificar a qualquer momento.<\/p><p>Os cookies de empresas parceiras (cookies de terceiros) podem ser colocados no seu computador atrav\u00e9s das p\u00e1ginas do site<\/p><p>Apenas o remetente de um cookie pode ler ou modificar as informa\u00e7\u00f5es nele contidas.<\/p><p>Diferentes tipos de cookies s\u00e3o utilizados no site para diferentes fins. Alguns s\u00e3o necess\u00e1rios para o seu uso do site.<br \/>Cookies anal\u00edticos<\/p><p>Estes s\u00e3o os cookies que permitem \u00e0 empresa operadora :<\/p><p>gerar estat\u00edsticas e os v\u00e1rios elementos que comp\u00f5em o site (se\u00e7\u00f5es e conte\u00fados visitados, caminho), a fim de melhorar a experi\u00eancia de navega\u00e7\u00e3o oferecida;<br \/>para contar o n\u00famero total de an\u00fancios por ela exibidos em seus espa\u00e7os publicit\u00e1rios, para identificar esses an\u00fancios, o n\u00famero de vezes que eles s\u00e3o exibidos, o n\u00famero de cliques e informa\u00e7\u00f5es de navega\u00e7\u00e3o.<\/p><p>Exemplo de cookies anal\u00edticos<\/p><p>An\u00e1lise: grava\u00e7\u00e3o dos dados de navega\u00e7\u00e3o<br \/>utm Analytics: grava\u00e7\u00e3o de dados de navega\u00e7\u00e3o<br \/>Campanha: grava\u00e7\u00e3o dos dados de navega\u00e7\u00e3o das campanhas publicit\u00e1rias<\/p><p>Cookies e plug-ins de redes sociais (bot\u00f5es sociais)<\/p><p>A empresa operadora pode incluir no site ferramentas para compartilhar conte\u00fado com outras pessoas ou para que essas pessoas conhe\u00e7am sua consulta ou sua opini\u00e3o sobre o conte\u00fado do nosso site. Este \u00e9 particularmente o caso dos bot\u00f5es \"Share\" e \"Like\" das redes sociais, tais como Facebook, Twitter, etc.<\/p><p>A empresa operacional n\u00e3o tem controle sobre o processo utilizado pelas redes sociais na coleta de informa\u00e7\u00f5es.<\/p><p>Facebook Connect: fa\u00e7a o login usando sua conta do Facebook<br \/>Facebook Social Graph: compartilhando a p\u00e1gina no Facebook<br \/>Pinterest: partilhar a p\u00e1gina no Pinterest<br \/>Linkedin: partilhar a p\u00e1gina no Linkedin<br \/>Instagram: compartilhando a p\u00e1gina no Instagram<\/p><p>Cookies e identificadores de m\u00e1quina para transa\u00e7\u00f5es seguras<\/p><p>Informamos que durante a sua encomenda, a empresa operadora, ou os seus prestadores de servi\u00e7os agindo em seu nome, podem colocar cookies ou recolher informa\u00e7\u00f5es relativas ao seu terminal, em particular as informa\u00e7\u00f5es (atributos t\u00e9cnicos de seguran\u00e7a) necess\u00e1rias para o reconhecimento do equipamento (computador, tablet ou telem\u00f3vel), a fim de identificar o seu equipamento para efeitos de seguran\u00e7a das transac\u00e7\u00f5es no seu interesse.<br \/>Cookies publicit\u00e1rios<\/p><p>Os conte\u00fados publicit\u00e1rios (gr\u00e1ficos, anima\u00e7\u00f5es, v\u00eddeos, etc.) exibidos nos espa\u00e7os publicit\u00e1rios da empresa operadora podem conter cookies emitidos por terceiros que podem permitir, durante o per\u00edodo de validade dos cookies, contar cliques, mas tamb\u00e9m oferecer-lhe a publicidade mais adequada de acordo com o seu comportamento de navega\u00e7\u00e3o, centros de interesse e prefer\u00eancias.<\/p><p>A rejei\u00e7\u00e3o de cookies de publicidade n\u00e3o tem impacto no uso do site e n\u00e3o ir\u00e1 parar a publicidade no site ou na Internet. S\u00f3 resultar\u00e1 na exibi\u00e7\u00e3o de publicidade que n\u00e3o leve em conta os seus interesses ou prefer\u00eancias.<\/p><p>Estes cookies dependem principalmente das ag\u00eancias de publicidade. N\u00e3o podemos enumer\u00e1-los exaustivamente:<\/p><p>AdWords: compra de palavras-chave patrocinadas exibidas no Google<br \/>Audi\u00eancia Personalizada do Facebook<br \/>publicidade direccionada: grava\u00e7\u00e3o do caminho de navega\u00e7\u00e3o<\/p><p>Publicidade direccionada<\/p><p>O site pode conter cookies emitidos por terceiros (ag\u00eancias e ferramentas de publicidade) e permitir a estes \u00faltimos, durante o per\u00edodo de validade do cookie, recolher dados de navega\u00e7\u00e3o relativos a dispositivos que se ligam aos nossos sites, mas tamb\u00e9m oferecer-lhe conte\u00fados publicit\u00e1rios suscept\u00edveis de corresponder \u00e0 sua navega\u00e7\u00e3o anterior no site.<\/p><p>Sob nenhuma circunst\u00e2ncia esta recolha de dados permite a estes prestadores de servi\u00e7os identific\u00e1-lo pessoalmente. Seu nome, nome, nome de usu\u00e1rio, endere\u00e7o postal, endere\u00e7o de e-mail e senha nunca s\u00e3o comunicados a terceiros sem o seu consentimento pr\u00e9vio e expl\u00edcito.<br \/>As suas escolhas em rela\u00e7\u00e3o aos cookies<\/p><p>Voc\u00ea tem v\u00e1rias op\u00e7\u00f5es para gerenciar os cookies. Quaisquer configura\u00e7\u00f5es que voc\u00ea fa\u00e7a podem afetar sua capacidade de navegar na Internet e acessar certos servi\u00e7os que requerem o uso de cookies.<br \/>As escolhas dispon\u00edveis para voc\u00ea atrav\u00e9s do seu navegador<\/p><p>Voc\u00ea pode personalizar seu navegador de internet (Google Chrome, Internet Explorer, Mozilla Firefox etc.) para que os cookies sejam armazenados em seu terminal ou sejam recusados.<br \/>Recusa de cookies<\/p><p>Se voc\u00ea se recusar a aceitar cookies, certas fun\u00e7\u00f5es, como identifica\u00e7\u00e3o \/ conex\u00e3o ao seu espa\u00e7o pessoal, personaliza\u00e7\u00e3o da sua navega\u00e7\u00e3o (escolha da l\u00edngua favorita, por exemplo) n\u00e3o estar\u00e3o mais dispon\u00edveis.<\/p><p>A empresa operativa declina toda a responsabilidade pelas consequ\u00eancias ligadas ao funcionamento degradado dos seus servi\u00e7os e funcionalidades, devido \u00e0 recusa do cookie.<br \/>Como voc\u00ea exerce suas escolhas, dependendo do navegador que voc\u00ea usa?<\/p><p>Cada browser tem uma configura\u00e7\u00e3o diferente para gerir os cookies e as suas escolhas. Isto \u00e9 descrito no menu de ajuda do seu navegador, que lhe dir\u00e1 como alterar as suas prefer\u00eancias de cookies.<\/p><p>Para Internet Explorer\u2122 :<\/p><p>https:\/\/support.microsoft.com\/fr-fr\/help\/17442\/windows-internet-explorer-delete-manage-cookies<br \/>ou<\/p><p>No Internet Explorer, clique no bot\u00e3o Ferramentas e depois em Op\u00e7\u00f5es da Internet. Na guia Geral, em Hist\u00f3rico de Navega\u00e7\u00e3o, clique em Configura\u00e7\u00f5es. Clique no bot\u00e3o Mostrar Arquivos. Clique no t\u00edtulo da coluna Nome para ordenar todos os ficheiros por ordem alfab\u00e9tica, depois des\u00e7a a lista at\u00e9 ver ficheiros que come\u00e7am com o prefixo \"Cookie\" (todos os cookies t\u00eam este prefixo e normalmente cont\u00eam o nome do website que criou o cookie). Selecione o(s) cookie(s) contendo o nome da empresa operadora e exclua-os. Feche a janela contendo a lista de arquivos e clique duas vezes em OK para retornar ao Internet Explorer.<\/p><p>Para Safari\u2122:<\/p><p>https:\/\/support.apple.com\/fr-fr\/guide\/safari\/sfri11471\/mac<br \/>Ou<br \/>No seu navegador, escolha Editar &gt; Prefer\u00eancias. Clique em Seguran\u00e7a. Clique em Mostrar Cookies. Selecione os cookies que cont\u00eam o nome da empresa operadora e clique em Excluir ou Excluir tudo. Depois de apagar os cookies, clique em Done (Feito).<\/p><p>Para Chrome\u2122:<\/p><p>https:\/\/support.google.com\/chrome\/bin\/answer.py?hl=fr&amp;hlrm=en&amp;answer=95647<br \/>Ou<br \/>Abra o Google Chrome. Na barra de ferramentas do navegador, clique em Mais. Mova o seu cursor para Mais Ferramentas e clique em Limpar Dados de Navega\u00e7\u00e3o. Na janela Limpar dados de navega\u00e7\u00e3o, selecione os Cookies e dados de outros sites ou plug-ins e caixas de sele\u00e7\u00e3o de imagens e arquivos em cache. Utilize o menu no topo para seleccionar a quantidade de dados que pretende apagar. Selecione Do In\u00edcio para apagar tudo. Clique em Limpar Dados de Navega\u00e7\u00e3o.<\/p><p>Para Firefox\u2122:<\/p><p>https:\/\/support.mozilla.org\/fr\/kb\/Activer%20et%20d%C3%A9sactiver%20les%20cookies<br \/>Ou<br \/>V\u00e1 para o separador 'Ferramentas' do browser e seleccione o menu 'Op\u00e7\u00f5es'. Na janela que aparece, escolha 'Privacidade' e clique em 'Excluir cookies espec\u00edficos'. Localize os arquivos que cont\u00eam o nome da empresa operadora. Selecione-os e exclua-os.<br \/>Para mais informa\u00e7\u00f5es sobre cookies<\/p><p>A empresa operadora convida voc\u00ea a consultar o site da CNIL no seguinte endere\u00e7o: https:\/\/www.cnil.fr\/fr\/cookies-les-outils-pour-les-maitriser<br \/>Encaminhamento para o Provedor do Consumidor<\/p><p>De acordo com os artigos L. 616-1 e R. 111-1 6\u00b0 do C\u00f3digo do Consumidor, o cliente tem o direito de se dirigir ao Provedor de Turismo e Viagens, cujos dados de contacto s\u00e3o actualmente os seguintes<br \/>Mediador de Turismo e Viagens,<br \/>MTV Media\u00e7\u00e3o de Viagens Tur\u00edsticas<br \/>BP 80 303<br \/>75823 Paris Cedex 17<\/p>\t\t\t\t\t\t<\/div>\n\t\t\t\t<\/div>\n\t\t\t\t\t<\/div>\n\t\t<\/div>\n\t\t\t\t\t\t\t<\/div>\n\t\t<\/section>\n\t\t\t\t\t\t\t<\/div>","protected":false},"excerpt":{"rendered":"<p>Informa\u00e7\u00f5es jur\u00eddicas Nome da empresa : Ch\u00e2teau Saint-Maur Cru Class\u00e9Director editorial: Marc MonroseCapital social: 12 eurosN\u00famero de matr\u00edcula: 595 480 096 000 14Sede social: 535, route de Collobri\u00e8res - 83310 COGOLIN - Fran\u00e7aCr\u00e9dito fotogr\u00e1fico: \u00a9Ch\u00e2teau Saint Maur Cru Class\u00e9 Responsabilidade Ao aceder a este s\u00edtio, est\u00e1 a [...]<\/p>","protected":false},"author":3,"featured_media":0,"parent":0,"menu_order":0,"comment_status":"closed","ping_status":"closed","template":"","meta":{"inline_featured_image":false,"passster_activate_protection":false,"passster_protect_child_pages":"","passster_protection_type":"password","passster_password":"","passster_activate_overwrite_defaults":"","passster_headline":"","passster_instruction":"","passster_placeholder":"","passster_button":"","passster_id":"","passster_activate_misc_settings":"","passster_redirect_url":"","passster_hide":"no","passster_area_shortcode":""},"_links":{"self":[{"href":"https:\/\/www.quintadopessegueiro.com\/pt\/wp-json\/wp\/v2\/pages\/179"}],"collection":[{"href":"https:\/\/www.quintadopessegueiro.com\/pt\/wp-json\/wp\/v2\/pages"}],"about":[{"href":"https:\/\/www.quintadopessegueiro.com\/pt\/wp-json\/wp\/v2\/types\/page"}],"author":[{"embeddable":true,"href":"https:\/\/www.quintadopessegueiro.com\/pt\/wp-json\/wp\/v2\/users\/3"}],"replies":[{"embeddable":true,"href":"https:\/\/www.quintadopessegueiro.com\/pt\/wp-json\/wp\/v2\/comments?post=179"}],"version-history":[{"count":64,"href":"https:\/\/www.quintadopessegueiro.com\/pt\/wp-json\/wp\/v2\/pages\/179\/revisions"}],"predecessor-version":[{"id":3924,"href":"https:\/\/www.quintadopessegueiro.com\/pt\/wp-json\/wp\/v2\/pages\/179\/revisions\/3924"}],"wp:attachment":[{"href":"https:\/\/www.quintadopessegueiro.com\/pt\/wp-json\/wp\/v2\/media?parent=179"}],"curies":[{"name":"wp","href":"https:\/\/api.w.org\/{rel}","templated":true}]}}