{"id":50,"date":"2021-06-06T09:36:24","date_gmt":"2021-06-06T07:36:24","guid":{"rendered":"https:\/\/www.quintadopessegueiro.com\/?page_id=50"},"modified":"2023-03-21T12:07:29","modified_gmt":"2023-03-21T11:07:29","slug":"vignoble-et-terroirs","status":"publish","type":"page","link":"https:\/\/www.quintadopessegueiro.com\/pt\/vignoble-et-terroirs\/","title":{"rendered":"Vinha e Terroir"},"content":{"rendered":"<div data-elementor-type=\"wp-page\" data-elementor-id=\"50\" class=\"elementor elementor-50\" data-elementor-post-type=\"page\">\n\t\t\t\t\t\t\t\t\t<section class=\"elementor-section elementor-top-section elementor-element elementor-element-c90699a elementor-section-height-min-height elementor-section-boxed elementor-section-height-default elementor-section-items-middle\" data-id=\"c90699a\" data-element_type=\"section\" data-settings=\"{&quot;background_background&quot;:&quot;classic&quot;}\">\n\t\t\t\t\t\t\t<div class=\"elementor-background-overlay\"><\/div>\n\t\t\t\t\t\t\t<div class=\"elementor-container elementor-column-gap-default\">\n\t\t\t\t\t<div class=\"elementor-column elementor-col-100 elementor-top-column elementor-element elementor-element-3be45e0\" data-id=\"3be45e0\" data-element_type=\"column\">\n\t\t\t<div class=\"elementor-widget-wrap elementor-element-populated\">\n\t\t\t\t\t\t\t\t<div class=\"elementor-element elementor-element-2a40efb elementor-widget elementor-widget-heading\" data-id=\"2a40efb\" data-element_type=\"widget\" data-widget_type=\"heading.default\">\n\t\t\t\t<div class=\"elementor-widget-container\">\n\t\t\t<h2 class=\"elementor-heading-title elementor-size-default\">Vinha e Adega<\/h2>\t\t<\/div>\n\t\t\t\t<\/div>\n\t\t\t\t\t<\/div>\n\t\t<\/div>\n\t\t\t\t\t\t\t<\/div>\n\t\t<\/section>\n\t\t\t\t<section class=\"elementor-section elementor-top-section elementor-element elementor-element-2a2da58b elementor-section-boxed elementor-section-height-default elementor-section-height-default\" data-id=\"2a2da58b\" data-element_type=\"section\" data-settings=\"{&quot;background_background&quot;:&quot;gradient&quot;}\">\n\t\t\t\t\t\t<div class=\"elementor-container elementor-column-gap-default\">\n\t\t\t\t\t<div class=\"elementor-column elementor-col-100 elementor-top-column elementor-element elementor-element-5de4925 elementor-invisible\" data-id=\"5de4925\" data-element_type=\"column\" data-settings=\"{&quot;animation&quot;:&quot;slideInLeft&quot;}\">\n\t\t\t<div class=\"elementor-widget-wrap elementor-element-populated\">\n\t\t\t\t\t\t\t\t<div class=\"elementor-element elementor-element-109829a6 elementor-widget elementor-widget-heading\" data-id=\"109829a6\" data-element_type=\"widget\" data-widget_type=\"heading.default\">\n\t\t\t\t<div class=\"elementor-widget-container\">\n\t\t\t<h2 class=\"elementor-heading-title elementor-size-default\">Vinha<\/h2>\t\t<\/div>\n\t\t\t\t<\/div>\n\t\t\t\t<div class=\"elementor-element elementor-element-4ead64ec elementor-widget-divider--view-line elementor-widget elementor-widget-divider\" data-id=\"4ead64ec\" data-element_type=\"widget\" data-widget_type=\"divider.default\">\n\t\t\t\t<div class=\"elementor-widget-container\">\n\t\t\t\t\t<div class=\"elementor-divider\">\n\t\t\t<span class=\"elementor-divider-separator\">\n\t\t\t\t\t\t<\/span>\n\t\t<\/div>\n\t\t\t\t<\/div>\n\t\t\t\t<\/div>\n\t\t\t\t<div class=\"elementor-element elementor-element-34b44bad elementor-widget elementor-widget-text-editor\" data-id=\"34b44bad\" data-element_type=\"widget\" data-widget_type=\"text-editor.default\">\n\t\t\t\t<div class=\"elementor-widget-container\">\n\t\t\t\t\t\t\t<p>Em toda a vinha \u00e9 praticada uma agricultura que respeita o equil\u00edbrio natural, sem recorrer a herbicidas e aproximando-se da agricultura biol\u00f3gica. J\u00e1 temos 11,2 ha (40%) em certifica\u00e7\u00e3o e os restantes 16,8 ha s\u00e3o tratados de uma forma muito semelhante \u00e0 cultura biol\u00f3gica.<\/p><p><span class=\"Apple-converted-space\">\u00a0<\/span>Cada parcela \u00e9 cultivada em fun\u00e7\u00e3o da natureza dos solos, da inclina\u00e7\u00e3o, da exposi\u00e7\u00e3o e das variedades que a povoam.<\/p><p>As vinhas velhas s\u00e3o um patrim\u00f3nio que conservamos com responsabilidade e onde as castas se misturam entre si. Esta miscel\u00e2nea hist\u00f3rica d\u00e1 lugar a vinhos \u00fanicos.<\/p>\t\t\t\t\t\t<\/div>\n\t\t\t\t<\/div>\n\t\t\t\t\t<\/div>\n\t\t<\/div>\n\t\t\t\t\t\t\t<\/div>\n\t\t<\/section>\n\t\t\t\t<section class=\"elementor-section elementor-top-section elementor-element elementor-element-456a17b4 elementor-section-boxed elementor-section-height-default elementor-section-height-default\" data-id=\"456a17b4\" data-element_type=\"section\">\n\t\t\t\t\t\t<div class=\"elementor-container elementor-column-gap-default\">\n\t\t\t\t\t<div class=\"elementor-column elementor-col-50 elementor-top-column elementor-element elementor-element-36d40a83 elementor-invisible\" data-id=\"36d40a83\" data-element_type=\"column\" data-settings=\"{&quot;animation&quot;:&quot;fadeInLeft&quot;}\">\n\t\t\t<div class=\"elementor-widget-wrap elementor-element-populated\">\n\t\t\t\t\t\t\t\t<div class=\"elementor-element elementor-element-9203c88 elementor-invisible elementor-widget elementor-widget-heading\" data-id=\"9203c88\" data-element_type=\"widget\" data-settings=\"{&quot;_animation&quot;:&quot;fadeIn&quot;}\" data-widget_type=\"heading.default\">\n\t\t\t\t<div class=\"elementor-widget-container\">\n\t\t\t<h2 class=\"elementor-heading-title elementor-size-default\">ADEGA<\/h2>\t\t<\/div>\n\t\t\t\t<\/div>\n\t\t\t\t<div class=\"elementor-element elementor-element-656196fa elementor-widget-divider--view-line elementor-widget elementor-widget-divider\" data-id=\"656196fa\" data-element_type=\"widget\" data-widget_type=\"divider.default\">\n\t\t\t\t<div class=\"elementor-widget-container\">\n\t\t\t\t\t<div class=\"elementor-divider\">\n\t\t\t<span class=\"elementor-divider-separator\">\n\t\t\t\t\t\t<\/span>\n\t\t<\/div>\n\t\t\t\t<\/div>\n\t\t\t\t<\/div>\n\t\t\t\t<div class=\"elementor-element elementor-element-353b3603 elementor-widget elementor-widget-text-editor\" data-id=\"353b3603\" data-element_type=\"widget\" data-widget_type=\"text-editor.default\">\n\t\t\t\t<div class=\"elementor-widget-container\">\n\t\t\t\t\t\t\t<p>Verdadeiro desafio tecnol\u00f3gico, a nossa adega foi idealizada para utilizar a gravidade natural durante todo o processo de transforma\u00e7\u00e3o da uva em vinho. As castas s\u00e3o vinificadas por parcela, de forma a reconhecer cada uma das suas singularidades.<\/p><p>A sala de est\u00e1gio cont\u00e9m barricas de 225 litros em carvalho franc\u00eas, austr\u00edaco e alem\u00e3o, bem como pipos e pipas antigas de 600 litros de castanho. A produ\u00e7\u00e3o evolui tranquilamente e sob a constante aten\u00e7\u00e3o do nossa equipa de enologia.<\/p>\t\t\t\t\t\t<\/div>\n\t\t\t\t<\/div>\n\t\t\t\t\t<\/div>\n\t\t<\/div>\n\t\t\t\t<div class=\"elementor-column elementor-col-50 elementor-top-column elementor-element elementor-element-471811db elementor-invisible\" data-id=\"471811db\" data-element_type=\"column\" data-settings=\"{&quot;animation&quot;:&quot;fadeInRight&quot;}\">\n\t\t\t<div class=\"elementor-widget-wrap elementor-element-populated\">\n\t\t\t\t\t\t\t\t<div class=\"elementor-element elementor-element-3089ba23 elementor-widget elementor-widget-image\" data-id=\"3089ba23\" data-element_type=\"widget\" data-widget_type=\"image.default\">\n\t\t\t\t<div class=\"elementor-widget-container\">\n\t\t\t\t\t\t\t\t\t\t\t\t\t\t\t<img fetchpriority=\"high\" decoding=\"async\" width=\"800\" height=\"534\" src=\"https:\/\/www.quintadopessegueiro.com\/wp-content\/uploads\/2022\/02\/Quinta-do-Pessegueiro-314-1024x683.jpg\" class=\"attachment-large size-large wp-image-6548\" alt=\"\" srcset=\"https:\/\/www.quintadopessegueiro.com\/wp-content\/uploads\/2022\/02\/Quinta-do-Pessegueiro-314-1024x683.jpg 1024w, https:\/\/www.quintadopessegueiro.com\/wp-content\/uploads\/2022\/02\/Quinta-do-Pessegueiro-314-300x200.jpg 300w, https:\/\/www.quintadopessegueiro.com\/wp-content\/uploads\/2022\/02\/Quinta-do-Pessegueiro-314-768x512.jpg 768w, https:\/\/www.quintadopessegueiro.com\/wp-content\/uploads\/2022\/02\/Quinta-do-Pessegueiro-314-1536x1024.jpg 1536w, https:\/\/www.quintadopessegueiro.com\/wp-content\/uploads\/2022\/02\/Quinta-do-Pessegueiro-314-2048x1365.jpg 2048w, https:\/\/www.quintadopessegueiro.com\/wp-content\/uploads\/2022\/02\/Quinta-do-Pessegueiro-314-18x12.jpg 18w\" sizes=\"(max-width: 800px) 100vw, 800px\" title=\"Foto - &quot;\">\t\t\t\t\t\t\t\t\t\t\t\t\t\t\t<\/div>\n\t\t\t\t<\/div>\n\t\t\t\t\t<\/div>\n\t\t<\/div>\n\t\t\t\t\t\t\t<\/div>\n\t\t<\/section>\n\t\t\t\t<section class=\"elementor-section elementor-top-section elementor-element elementor-element-3185ade2 elementor-reverse-tablet elementor-reverse-mobile elementor-section-boxed elementor-section-height-default elementor-section-height-default\" data-id=\"3185ade2\" data-element_type=\"section\">\n\t\t\t\t\t\t<div class=\"elementor-container elementor-column-gap-default\">\n\t\t\t\t\t<div class=\"elementor-column elementor-col-50 elementor-top-column elementor-element elementor-element-65a452b7 elementor-invisible\" data-id=\"65a452b7\" data-element_type=\"column\" data-settings=\"{&quot;animation&quot;:&quot;fadeInLeft&quot;}\">\n\t\t\t<div class=\"elementor-widget-wrap elementor-element-populated\">\n\t\t\t\t\t\t\t\t<div class=\"elementor-element elementor-element-4e1dc0ed elementor-widget elementor-widget-image\" data-id=\"4e1dc0ed\" data-element_type=\"widget\" data-widget_type=\"image.default\">\n\t\t\t\t<div class=\"elementor-widget-container\">\n\t\t\t\t\t\t\t\t\t\t\t\t\t\t\t<img decoding=\"async\" src=\"https:\/\/www.quintadopessegueiro.com\/wp-content\/uploads\/elementor\/thumbs\/Quinta-do-Pessegueiro-19-scaled-pkxmyvj7fl7m9mx8ujgyl370pfnoi7tseoi5eb7g1s.jpg\" title=\"Quinta do Pessegueiro (19)\" alt=\"Quinta do Pessegueiro (19)\" loading=\"lazy\" \/>\t\t\t\t\t\t\t\t\t\t\t\t\t\t\t<\/div>\n\t\t\t\t<\/div>\n\t\t\t\t\t<\/div>\n\t\t<\/div>\n\t\t\t\t<div class=\"elementor-column elementor-col-50 elementor-top-column elementor-element elementor-element-467224fc elementor-invisible\" data-id=\"467224fc\" data-element_type=\"column\" data-settings=\"{&quot;animation&quot;:&quot;fadeInRight&quot;}\">\n\t\t\t<div class=\"elementor-widget-wrap elementor-element-populated\">\n\t\t\t\t\t\t\t\t<div class=\"elementor-element elementor-element-3604a776 elementor-invisible elementor-widget elementor-widget-heading\" data-id=\"3604a776\" data-element_type=\"widget\" data-settings=\"{&quot;_animation&quot;:&quot;fadeIn&quot;}\" data-widget_type=\"heading.default\">\n\t\t\t\t<div class=\"elementor-widget-container\">\n\t\t\t<h2 class=\"elementor-heading-title elementor-size-default\">Casta<\/h2>\t\t<\/div>\n\t\t\t\t<\/div>\n\t\t\t\t<div class=\"elementor-element elementor-element-407cb008 elementor-widget-divider--view-line elementor-widget elementor-widget-divider\" data-id=\"407cb008\" data-element_type=\"widget\" data-widget_type=\"divider.default\">\n\t\t\t\t<div class=\"elementor-widget-container\">\n\t\t\t\t\t<div class=\"elementor-divider\">\n\t\t\t<span class=\"elementor-divider-separator\">\n\t\t\t\t\t\t<\/span>\n\t\t<\/div>\n\t\t\t\t<\/div>\n\t\t\t\t<\/div>\n\t\t\t\t<div class=\"elementor-element elementor-element-2a8936d2 elementor-widget elementor-widget-text-editor\" data-id=\"2a8936d2\" data-element_type=\"widget\" data-widget_type=\"text-editor.default\">\n\t\t\t\t<div class=\"elementor-widget-container\">\n\t\t\t\t\t\t\t<p>Optamos pela escolha de castas end\u00e9micas, adaptadas \u00e0 geologia e ao clima t\u00e3o particular da regi\u00e3o. Para produzirmos vinhos de car\u00e1cter \u00fanico, preservamos a pluralidade destas castas. A natureza variada dos nossos solos, as nuances clim\u00e1ticas, a diversidade de altitudes e de exposi\u00e7\u00f5es das nossas parcelas proporcionar\u00e3o uma complexidade inigual\u00e1vel aos nossos vinhos.<\/p>\t\t\t\t\t\t<\/div>\n\t\t\t\t<\/div>\n\t\t\t\t\t<\/div>\n\t\t<\/div>\n\t\t\t\t\t\t\t<\/div>\n\t\t<\/section>\n\t\t\t\t<section class=\"elementor-section elementor-top-section elementor-element elementor-element-607a23ac elementor-section-boxed elementor-section-height-default elementor-section-height-default\" data-id=\"607a23ac\" data-element_type=\"section\">\n\t\t\t\t\t\t<div class=\"elementor-container elementor-column-gap-default\">\n\t\t\t\t\t<div class=\"elementor-column elementor-col-50 elementor-top-column elementor-element elementor-element-3ec5bdf5 elementor-invisible\" data-id=\"3ec5bdf5\" data-element_type=\"column\" data-settings=\"{&quot;animation&quot;:&quot;slideInLeft&quot;}\">\n\t\t\t<div class=\"elementor-widget-wrap elementor-element-populated\">\n\t\t\t\t\t\t\t\t<div class=\"elementor-element elementor-element-8e467f3 elementor-invisible elementor-widget elementor-widget-heading\" data-id=\"8e467f3\" data-element_type=\"widget\" data-settings=\"{&quot;_animation&quot;:&quot;fadeIn&quot;}\" data-widget_type=\"heading.default\">\n\t\t\t\t<div class=\"elementor-widget-container\">\n\t\t\t<h2 class=\"elementor-heading-title elementor-size-default\">PARCELAS<\/h2>\t\t<\/div>\n\t\t\t\t<\/div>\n\t\t\t\t<div class=\"elementor-element elementor-element-5b60275d elementor-widget-divider--view-line elementor-widget elementor-widget-divider\" data-id=\"5b60275d\" data-element_type=\"widget\" data-widget_type=\"divider.default\">\n\t\t\t\t<div class=\"elementor-widget-container\">\n\t\t\t\t\t<div class=\"elementor-divider\">\n\t\t\t<span class=\"elementor-divider-separator\">\n\t\t\t\t\t\t<\/span>\n\t\t<\/div>\n\t\t\t\t<\/div>\n\t\t\t\t<\/div>\n\t\t\t\t<div class=\"elementor-element elementor-element-4cecb8d0 elementor-widget elementor-widget-text-editor\" data-id=\"4cecb8d0\" data-element_type=\"widget\" data-widget_type=\"text-editor.default\">\n\t\t\t\t<div class=\"elementor-widget-container\">\n\t\t\t\t\t\t\t<p>Dia ap\u00f3s dia, esfor\u00e7amo-nos por conhecer as particularidades geol\u00f3gicas e clim\u00e1ticas de cada uma das nossas parcelas e da evolu\u00e7\u00e3o das nossas castas. Esta abordagem, centrada na compreens\u00e3o do nosso terroir e no crescimento da vinha acima de tudo, permite \u00e0 natureza agir ao seu ritmo.<br \/>Profissionalismo, rigor e humildade d\u00e3o origem a vinhos de exce\u00e7\u00e3o e fazem-nos acreditar num futuro cada vez mais promissor.<\/p>\t\t\t\t\t\t<\/div>\n\t\t\t\t<\/div>\n\t\t\t\t\t<\/div>\n\t\t<\/div>\n\t\t\t\t<div class=\"elementor-column elementor-col-50 elementor-top-column elementor-element elementor-element-499d519f elementor-invisible\" data-id=\"499d519f\" data-element_type=\"column\" data-settings=\"{&quot;animation&quot;:&quot;slideInRight&quot;}\">\n\t\t\t<div class=\"elementor-widget-wrap elementor-element-populated\">\n\t\t\t\t\t\t\t\t<div class=\"elementor-element elementor-element-427eb9f elementor-widget elementor-widget-image-gallery\" data-id=\"427eb9f\" data-element_type=\"widget\" data-widget_type=\"image-gallery.default\">\n\t\t\t\t<div class=\"elementor-widget-container\">\n\t\t\t\t\t<div class=\"elementor-image-gallery\">\n\t\t\t<div id='gallery-1' class='gallery galleryid-50 gallery-columns-1 gallery-size-full'><figure class='gallery-item'>\n\t\t\t<div class='gallery-icon landscape'>\n\t\t\t\t<a data-elementor-open-lightbox=\"yes\" data-elementor-lightbox-slideshow=\"427eb9f\" data-elementor-lightbox-title=\"Nos parcelles\" data-e-action-hash=\"#elementor-action%3Aaction%3Dlightbox%26settings%3DeyJpZCI6NjgwOCwidXJsIjoiaHR0cHM6XC9cL3d3dy5xdWludGFkb3Blc3NlZ3VlaXJvLmNvbVwvd3AtY29udGVudFwvdXBsb2Fkc1wvMjAyMlwvMDRcL1F1aW50YS1kby1QZXNzZWd1ZWlyby1SSU8tVklOSEEtRklOQUwtc2NhbGVkLmpwZyIsInNsaWRlc2hvdyI6IjQyN2ViOWYifQ%3D%3D\" href='https:\/\/www.quintadopessegueiro.com\/wp-content\/uploads\/2022\/04\/Quinta-do-Pessegueiro-RIO-VINHA-FINAL-scaled.jpg'><img width=\"2560\" height=\"1706\" src=\"https:\/\/www.quintadopessegueiro.com\/wp-content\/uploads\/2022\/04\/Quinta-do-Pessegueiro-RIO-VINHA-FINAL-scaled.jpg\" class=\"attachment-full size-full\" alt=\"\" decoding=\"async\" srcset=\"https:\/\/www.quintadopessegueiro.com\/wp-content\/uploads\/2022\/04\/Quinta-do-Pessegueiro-RIO-VINHA-FINAL-scaled.jpg 2560w, https:\/\/www.quintadopessegueiro.com\/wp-content\/uploads\/2022\/04\/Quinta-do-Pessegueiro-RIO-VINHA-FINAL-300x200.jpg 300w, https:\/\/www.quintadopessegueiro.com\/wp-content\/uploads\/2022\/04\/Quinta-do-Pessegueiro-RIO-VINHA-FINAL-1024x682.jpg 1024w, https:\/\/www.quintadopessegueiro.com\/wp-content\/uploads\/2022\/04\/Quinta-do-Pessegueiro-RIO-VINHA-FINAL-768x512.jpg 768w, https:\/\/www.quintadopessegueiro.com\/wp-content\/uploads\/2022\/04\/Quinta-do-Pessegueiro-RIO-VINHA-FINAL-1536x1023.jpg 1536w, https:\/\/www.quintadopessegueiro.com\/wp-content\/uploads\/2022\/04\/Quinta-do-Pessegueiro-RIO-VINHA-FINAL-2048x1365.jpg 2048w, https:\/\/www.quintadopessegueiro.com\/wp-content\/uploads\/2022\/04\/Quinta-do-Pessegueiro-RIO-VINHA-FINAL-18x12.jpg 18w\" sizes=\"(max-width: 2560px) 100vw, 2560px\" title=\"Foto - &quot;\"><\/a>\n\t\t\t<\/div><\/figure>\n\t\t<\/div>\n\t\t<\/div>\n\t\t\t\t<\/div>\n\t\t\t\t<\/div>\n\t\t\t\t<div class=\"elementor-element elementor-element-c85709d elementor-widget elementor-widget-text-editor\" data-id=\"c85709d\" data-element_type=\"widget\" data-widget_type=\"text-editor.default\">\n\t\t\t\t<div class=\"elementor-widget-container\">\n\t\t\t\t\t\t\t<p><em>(clique para ampliar a imagem)<\/em><\/p>\t\t\t\t\t\t<\/div>\n\t\t\t\t<\/div>\n\t\t\t\t\t<\/div>\n\t\t<\/div>\n\t\t\t\t\t\t\t<\/div>\n\t\t<\/section>\n\t\t\t\t<section class=\"elementor-section elementor-top-section elementor-element elementor-element-717cbb09 elementor-reverse-tablet elementor-reverse-mobile elementor-section-boxed elementor-section-height-default elementor-section-height-default\" data-id=\"717cbb09\" data-element_type=\"section\">\n\t\t\t\t\t\t<div class=\"elementor-container elementor-column-gap-default\">\n\t\t\t\t\t<div class=\"elementor-column elementor-col-50 elementor-top-column elementor-element elementor-element-6d2eeec4 elementor-invisible\" data-id=\"6d2eeec4\" data-element_type=\"column\" data-settings=\"{&quot;animation&quot;:&quot;slideInLeft&quot;}\">\n\t\t\t<div class=\"elementor-widget-wrap elementor-element-populated\">\n\t\t\t\t\t\t\t\t<div class=\"elementor-element elementor-element-5e029eb6 elementor-widget elementor-widget-image\" data-id=\"5e029eb6\" data-element_type=\"widget\" data-widget_type=\"image.default\">\n\t\t\t\t<div class=\"elementor-widget-container\">\n\t\t\t\t\t\t\t\t\t\t\t\t\t\t\t<img decoding=\"async\" width=\"800\" height=\"534\" src=\"https:\/\/www.quintadopessegueiro.com\/wp-content\/uploads\/2022\/04\/RECEPTION-1024x683.png\" class=\"attachment-large size-large wp-image-6749\" alt=\"\" srcset=\"https:\/\/www.quintadopessegueiro.com\/wp-content\/uploads\/2022\/04\/RECEPTION-1024x683.png 1024w, https:\/\/www.quintadopessegueiro.com\/wp-content\/uploads\/2022\/04\/RECEPTION-300x200.png 300w, https:\/\/www.quintadopessegueiro.com\/wp-content\/uploads\/2022\/04\/RECEPTION-768x512.png 768w, https:\/\/www.quintadopessegueiro.com\/wp-content\/uploads\/2022\/04\/RECEPTION-1536x1024.png 1536w, https:\/\/www.quintadopessegueiro.com\/wp-content\/uploads\/2022\/04\/RECEPTION-2048x1366.png 2048w, https:\/\/www.quintadopessegueiro.com\/wp-content\/uploads\/2022\/04\/RECEPTION-18x12.png 18w\" sizes=\"(max-width: 800px) 100vw, 800px\" title=\"Foto - &quot;\">\t\t\t\t\t\t\t\t\t\t\t\t\t\t\t<\/div>\n\t\t\t\t<\/div>\n\t\t\t\t\t<\/div>\n\t\t<\/div>\n\t\t\t\t<div class=\"elementor-column elementor-col-50 elementor-top-column elementor-element elementor-element-634bfe43 elementor-invisible\" data-id=\"634bfe43\" data-element_type=\"column\" data-settings=\"{&quot;animation&quot;:&quot;slideInRight&quot;}\">\n\t\t\t<div class=\"elementor-widget-wrap elementor-element-populated\">\n\t\t\t\t\t\t\t\t<div class=\"elementor-element elementor-element-55d8f71d elementor-invisible elementor-widget elementor-widget-heading\" data-id=\"55d8f71d\" data-element_type=\"widget\" data-settings=\"{&quot;_animation&quot;:&quot;fadeIn&quot;}\" data-widget_type=\"heading.default\">\n\t\t\t\t<div class=\"elementor-widget-container\">\n\t\t\t<h2 class=\"elementor-heading-title elementor-size-default\">VISITAS E DEGUSTA\u00c7\u00c3O<\/h2>\t\t<\/div>\n\t\t\t\t<\/div>\n\t\t\t\t<div class=\"elementor-element elementor-element-10cb5021 elementor-widget-divider--view-line elementor-widget elementor-widget-divider\" data-id=\"10cb5021\" data-element_type=\"widget\" data-widget_type=\"divider.default\">\n\t\t\t\t<div class=\"elementor-widget-container\">\n\t\t\t\t\t<div class=\"elementor-divider\">\n\t\t\t<span class=\"elementor-divider-separator\">\n\t\t\t\t\t\t<\/span>\n\t\t<\/div>\n\t\t\t\t<\/div>\n\t\t\t\t<\/div>\n\t\t\t\t<div class=\"elementor-element elementor-element-95f9e98 elementor-widget elementor-widget-text-editor\" data-id=\"95f9e98\" data-element_type=\"widget\" data-widget_type=\"text-editor.default\">\n\t\t\t\t<div class=\"elementor-widget-container\">\n\t\t\t\t\t\t\t<p>Uma experi\u00eancia para todos os sentidos...\nA visita \u00e0 adega tem in\u00edcio na sala de rece\u00e7\u00e3o, espa\u00e7o revestido com a mesma madeira utilizada nas barricas. Nos terra\u00e7os laterais, os visitantes podem contemplar a sumptuosa paisagem do Douro.<\/p>\t\t\t\t\t\t<\/div>\n\t\t\t\t<\/div>\n\t\t\t\t<div class=\"elementor-element elementor-element-2fc25329 elementor-align-center elementor-widget__width-initial elementor-widget-mobile__width-inherit elementor-widget elementor-widget-button\" data-id=\"2fc25329\" data-element_type=\"widget\" data-widget_type=\"button.default\">\n\t\t\t\t<div class=\"elementor-widget-container\">\n\t\t\t\t\t<div class=\"elementor-button-wrapper\">\n\t\t\t<a class=\"elementor-button elementor-button-link elementor-size-xs\" href=\"mailto:reservas@zannier.com\" target=\"_blank\">\n\t\t\t\t\t\t<span class=\"elementor-button-content-wrapper\">\n\t\t\t\t\t\t<span class=\"elementor-button-text\">Reserve agora mesmo<\/span>\n\t\t<\/span>\n\t\t\t\t\t<\/a>\n\t\t<\/div>\n\t\t\t\t<\/div>\n\t\t\t\t<\/div>\n\t\t\t\t<div class=\"elementor-element elementor-element-b9c8c8 elementor-align-center elementor-widget__width-initial elementor-widget-mobile__width-inherit elementor-widget elementor-widget-button\" data-id=\"b9c8c8\" data-element_type=\"widget\" data-widget_type=\"button.default\">\n\t\t\t\t<div class=\"elementor-widget-container\">\n\t\t\t\t\t<div class=\"elementor-button-wrapper\">\n\t\t\t<a class=\"elementor-button elementor-button-link elementor-size-xs\" href=\"https:\/\/www.quintadopessegueiro.com\/pt\/oenotourisme\/\">\n\t\t\t\t\t\t<span class=\"elementor-button-content-wrapper\">\n\t\t\t\t\t\t<span class=\"elementor-button-text\">Enoturismo<\/span>\n\t\t<\/span>\n\t\t\t\t\t<\/a>\n\t\t<\/div>\n\t\t\t\t<\/div>\n\t\t\t\t<\/div>\n\t\t\t\t\t<\/div>\n\t\t<\/div>\n\t\t\t\t\t\t\t<\/div>\n\t\t<\/section>\n\t\t\t\t\t\t\t<\/div>","protected":false},"excerpt":{"rendered":"<p>vinha &amp; terroirs Vinha Toda a vinha \u00e9 cultivada de forma a respeitar o equil\u00edbrio natural, proibindo os herbicidas e aproximando-se da agricultura biol\u00f3gica. Temos j\u00e1 18 ha (60%) certificados e os restantes 12 ha, embora n\u00e3o certificados, s\u00e3o tratados de forma muito semelhante \u00e0 agricultura biol\u00f3gica.  Cada parcela \u00e9 cultivada de acordo com a [...]<\/p>","protected":false},"author":3,"featured_media":0,"parent":0,"menu_order":0,"comment_status":"closed","ping_status":"closed","template":"","meta":{"inline_featured_image":false,"passster_activate_protection":false,"passster_protect_child_pages":"","passster_protection_type":"password","passster_password":"","passster_activate_overwrite_defaults":"","passster_headline":"","passster_instruction":"","passster_placeholder":"","passster_button":"","passster_id":"","passster_activate_misc_settings":"","passster_redirect_url":"","passster_hide":"no","passster_area_shortcode":""},"_links":{"self":[{"href":"https:\/\/www.quintadopessegueiro.com\/pt\/wp-json\/wp\/v2\/pages\/50"}],"collection":[{"href":"https:\/\/www.quintadopessegueiro.com\/pt\/wp-json\/wp\/v2\/pages"}],"about":[{"href":"https:\/\/www.quintadopessegueiro.com\/pt\/wp-json\/wp\/v2\/types\/page"}],"author":[{"embeddable":true,"href":"https:\/\/www.quintadopessegueiro.com\/pt\/wp-json\/wp\/v2\/users\/3"}],"replies":[{"embeddable":true,"href":"https:\/\/www.quintadopessegueiro.com\/pt\/wp-json\/wp\/v2\/comments?post=50"}],"version-history":[{"count":343,"href":"https:\/\/www.quintadopessegueiro.com\/pt\/wp-json\/wp\/v2\/pages\/50\/revisions"}],"predecessor-version":[{"id":7581,"href":"https:\/\/www.quintadopessegueiro.com\/pt\/wp-json\/wp\/v2\/pages\/50\/revisions\/7581"}],"wp:attachment":[{"href":"https:\/\/www.quintadopessegueiro.com\/pt\/wp-json\/wp\/v2\/media?parent=50"}],"curies":[{"name":"wp","href":"https:\/\/api.w.org\/{rel}","templated":true}]}}