{"id":71,"date":"2021-06-06T09:39:43","date_gmt":"2021-06-06T07:39:43","guid":{"rendered":"https:\/\/www.quintadopessegueiro.com\/?page_id=71"},"modified":"2023-01-13T11:44:43","modified_gmt":"2023-01-13T10:44:43","slug":"nos-engagements","status":"publish","type":"page","link":"https:\/\/www.quintadopessegueiro.com\/pt\/le-domaine\/nos-engagements\/","title":{"rendered":"A nossa filosofia"},"content":{"rendered":"<div data-elementor-type=\"wp-page\" data-elementor-id=\"71\" class=\"elementor elementor-71\" data-elementor-post-type=\"page\">\n\t\t\t\t\t\t\t\t\t<section class=\"elementor-section elementor-top-section elementor-element elementor-element-bf3e7a4 elementor-section-height-min-height elementor-section-boxed elementor-section-height-default elementor-section-items-middle\" data-id=\"bf3e7a4\" data-element_type=\"section\" data-settings=\"{&quot;background_background&quot;:&quot;classic&quot;}\">\n\t\t\t\t\t\t\t<div class=\"elementor-background-overlay\"><\/div>\n\t\t\t\t\t\t\t<div class=\"elementor-container elementor-column-gap-default\">\n\t\t\t\t\t<div class=\"elementor-column elementor-col-100 elementor-top-column elementor-element elementor-element-5404571\" data-id=\"5404571\" data-element_type=\"column\">\n\t\t\t<div class=\"elementor-widget-wrap elementor-element-populated\">\n\t\t\t\t\t\t\t\t<div class=\"elementor-element elementor-element-7cba8d2 elementor-widget elementor-widget-heading\" data-id=\"7cba8d2\" data-element_type=\"widget\" data-widget_type=\"heading.default\">\n\t\t\t\t<div class=\"elementor-widget-container\">\n\t\t\t<h2 class=\"elementor-heading-title elementor-size-default\">A NOSSA FILOSOFIA<\/h2>\t\t<\/div>\n\t\t\t\t<\/div>\n\t\t\t\t\t<\/div>\n\t\t<\/div>\n\t\t\t\t\t\t\t<\/div>\n\t\t<\/section>\n\t\t\t\t<section class=\"elementor-section elementor-top-section elementor-element elementor-element-7cd63d2 elementor-section-boxed elementor-section-height-default elementor-section-height-default\" data-id=\"7cd63d2\" data-element_type=\"section\">\n\t\t\t\t\t\t<div class=\"elementor-container elementor-column-gap-default\">\n\t\t\t\t\t<div class=\"elementor-column elementor-col-100 elementor-top-column elementor-element elementor-element-caca742\" data-id=\"caca742\" data-element_type=\"column\">\n\t\t\t<div class=\"elementor-widget-wrap elementor-element-populated\">\n\t\t\t\t\t\t\t\t<div class=\"elementor-element elementor-element-1a9d7f5 elementor-widget elementor-widget-heading\" data-id=\"1a9d7f5\" data-element_type=\"widget\" data-widget_type=\"heading.default\">\n\t\t\t\t<div class=\"elementor-widget-container\">\n\t\t\t<h2 class=\"elementor-heading-title elementor-size-default\">A filosofia da Quinta do Pessegueiro<\/h2>\t\t<\/div>\n\t\t\t\t<\/div>\n\t\t\t\t<div class=\"elementor-element elementor-element-c8873e3 elementor-widget-divider--view-line elementor-widget elementor-widget-divider\" data-id=\"c8873e3\" data-element_type=\"widget\" data-widget_type=\"divider.default\">\n\t\t\t\t<div class=\"elementor-widget-container\">\n\t\t\t\t\t<div class=\"elementor-divider\">\n\t\t\t<span class=\"elementor-divider-separator\">\n\t\t\t\t\t\t<\/span>\n\t\t<\/div>\n\t\t\t\t<\/div>\n\t\t\t\t<\/div>\n\t\t\t\t<div class=\"elementor-element elementor-element-eb842a7 elementor-widget elementor-widget-text-editor\" data-id=\"eb842a7\" data-element_type=\"widget\" data-widget_type=\"text-editor.default\">\n\t\t\t\t<div class=\"elementor-widget-container\">\n\t\t\t\t\t\t\t<p>A filosofia da propriedade de Roger Zannier alia o saber da viticultura tradicional do Douro aos conhecimentos cient\u00edficos modernos. A partilha de conhecimentos, a paix\u00e3o, a motiva\u00e7\u00e3o e o compromisso dos colaboradores, que cultivam igualmente o respeito pela terra e pela natureza, permitem melhorar, ano ap\u00f3s ano, a qualidade dos vinhos da Quinta do Pessegueiro, tornando-os hoje em dia num dos grandes Vinhos do Douro.<\/p><p>Toda a vinha \u00e9 submetida a uma agricultura que respeita os equil\u00edbrios naturais, n\u00e3o recorrendo aos herbicidas e aproximando-se da cultura biol\u00f3gica. J\u00e1 dispomos de 11,2 ha (40%) em certifica\u00e7\u00e3o e os restantes 16,8 ha s\u00e3o tratados de forma muito semelhante aos de cultura biol\u00f3gica. Cada parcela \u00e9 cultivada em fun\u00e7\u00e3o da natureza dos solos, da inclina\u00e7\u00e3o, da exposi\u00e7\u00e3o e das variedades que a povoam. O cavalo \u00e9 igualmente um ajudante indispens\u00e1vel ao trabalho a realizar nas vinhas.<\/p>\t\t\t\t\t\t<\/div>\n\t\t\t\t<\/div>\n\t\t\t\t\t<\/div>\n\t\t<\/div>\n\t\t\t\t\t\t\t<\/div>\n\t\t<\/section>\n\t\t\t\t<section class=\"elementor-section elementor-top-section elementor-element elementor-element-46b9634a elementor-reverse-tablet elementor-reverse-mobile elementor-section-boxed elementor-section-height-default elementor-section-height-default\" data-id=\"46b9634a\" data-element_type=\"section\">\n\t\t\t\t\t\t<div class=\"elementor-container elementor-column-gap-default\">\n\t\t\t\t\t<div class=\"elementor-column elementor-col-50 elementor-top-column elementor-element elementor-element-209c11f3 elementor-invisible\" data-id=\"209c11f3\" data-element_type=\"column\" data-settings=\"{&quot;animation&quot;:&quot;slideInLeft&quot;,&quot;animation_mobile&quot;:&quot;fadeInUp&quot;}\">\n\t\t\t<div class=\"elementor-widget-wrap elementor-element-populated\">\n\t\t\t\t\t\t\t\t<div class=\"elementor-element elementor-element-51d56ae1 elementor-invisible elementor-widget elementor-widget-image\" data-id=\"51d56ae1\" data-element_type=\"widget\" data-settings=\"{&quot;_animation&quot;:&quot;fadeInLeft&quot;}\" data-widget_type=\"image.default\">\n\t\t\t\t<div class=\"elementor-widget-container\">\n\t\t\t\t\t\t\t\t\t\t\t\t\t\t\t<img decoding=\"async\" src=\"https:\/\/www.quintadopessegueiro.com\/wp-content\/uploads\/elementor\/thumbs\/LAGAR-PESSEGUEIRO-web-copie-pbgmbo9sc4ccyrywc23mf6r68q6li0hli0lrpe7d34.jpg\" title=\"LAGAR PESSEGUEIRO-web c\u00f3pia\" alt=\"LAGAR PESSEGUEIRO-web copie\" loading=\"lazy\" \/>\t\t\t\t\t\t\t\t\t\t\t\t\t\t\t<\/div>\n\t\t\t\t<\/div>\n\t\t\t\t\t<\/div>\n\t\t<\/div>\n\t\t\t\t<div class=\"elementor-column elementor-col-50 elementor-top-column elementor-element elementor-element-d722cdc elementor-invisible\" data-id=\"d722cdc\" data-element_type=\"column\" data-settings=\"{&quot;animation&quot;:&quot;slideInRight&quot;,&quot;animation_mobile&quot;:&quot;fadeInUp&quot;}\">\n\t\t\t<div class=\"elementor-widget-wrap elementor-element-populated\">\n\t\t\t\t\t\t\t\t<div class=\"elementor-element elementor-element-9caf9ea elementor-invisible elementor-widget elementor-widget-heading\" data-id=\"9caf9ea\" data-element_type=\"widget\" data-settings=\"{&quot;_animation&quot;:&quot;fadeIn&quot;}\" data-widget_type=\"heading.default\">\n\t\t\t\t<div class=\"elementor-widget-container\">\n\t\t\t<h2 class=\"elementor-heading-title elementor-size-default\">Pisa a p\u00e9<\/h2>\t\t<\/div>\n\t\t\t\t<\/div>\n\t\t\t\t<div class=\"elementor-element elementor-element-0da142d elementor-widget-divider--view-line elementor-widget elementor-widget-divider\" data-id=\"0da142d\" data-element_type=\"widget\" data-widget_type=\"divider.default\">\n\t\t\t\t<div class=\"elementor-widget-container\">\n\t\t\t\t\t<div class=\"elementor-divider\">\n\t\t\t<span class=\"elementor-divider-separator\">\n\t\t\t\t\t\t<\/span>\n\t\t<\/div>\n\t\t\t\t<\/div>\n\t\t\t\t<\/div>\n\t\t\t\t<div class=\"elementor-element elementor-element-594ab99 elementor-invisible elementor-widget elementor-widget-text-editor\" data-id=\"594ab99\" data-element_type=\"widget\" data-settings=\"{&quot;_animation&quot;:&quot;fadeIn&quot;}\" data-widget_type=\"text-editor.default\">\n\t\t\t\t<div class=\"elementor-widget-container\">\n\t\t\t\t\t\t\t<p>Na Quinta do Pessegueiro, a tradi\u00e7\u00e3o secular do esmagamento da uva com os p\u00e9s \u00e9 mais do que uma representa\u00e7\u00e3o da hist\u00f3ria e do folclore. A pisa a p\u00e9 \u00e9 colocada em pr\u00e1tica nos nossos tr\u00eas lagares para produzir os nossos melhores vinhos. N\u00e3o se trata de um esp\u00edrito de conservadorismos extremo, mas acreditamos que este processo permite extrair o melhor de cada bago de uva, cumprindo os nossos objetivos qualitativos muito espec\u00edficos.<\/p>\t\t\t\t\t\t<\/div>\n\t\t\t\t<\/div>\n\t\t\t\t<div class=\"elementor-element elementor-element-9bcfc44 elementor-blockquote--skin-quotation elementor-blockquote--align-center elementor-blockquote--button-color-official elementor-widget elementor-widget-blockquote\" data-id=\"9bcfc44\" data-element_type=\"widget\" data-widget_type=\"blockquote.default\">\n\t\t\t\t<div class=\"elementor-widget-container\">\n\t\t\t\t\t<blockquote class=\"elementor-blockquote\">\n\t\t\t<p class=\"elementor-blockquote__content\">\n\t\t\t\tPara cada recorda\u00e7\u00e3o um sabor\t\t\t<\/p>\n\t\t\t\t\t\t\t<div class=\"e-q-footer\">\n\t\t\t\t\t\t\t\t\t\t\t<cite class=\"elementor-blockquote__author\">Marc Monrose<\/cite>\n\t\t\t\t\t\t\t\t\t\t\t\t\t\t<\/div>\n\t\t\t\t\t<\/blockquote>\n\t\t\t\t<\/div>\n\t\t\t\t<\/div>\n\t\t\t\t\t<\/div>\n\t\t<\/div>\n\t\t\t\t\t\t\t<\/div>\n\t\t<\/section>\n\t\t\t\t<section class=\"elementor-section elementor-top-section elementor-element elementor-element-1add934e elementor-section-boxed elementor-section-height-default elementor-section-height-default\" data-id=\"1add934e\" data-element_type=\"section\">\n\t\t\t\t\t\t<div class=\"elementor-container elementor-column-gap-default\">\n\t\t\t\t\t<div class=\"elementor-column elementor-col-50 elementor-top-column elementor-element elementor-element-626603b4 elementor-invisible\" data-id=\"626603b4\" data-element_type=\"column\" data-settings=\"{&quot;animation&quot;:&quot;slideInLeft&quot;,&quot;animation_mobile&quot;:&quot;fadeInUp&quot;}\">\n\t\t\t<div class=\"elementor-widget-wrap elementor-element-populated\">\n\t\t\t\t\t\t\t\t<div class=\"elementor-element elementor-element-ab894c3 elementor-widget elementor-widget-heading\" data-id=\"ab894c3\" data-element_type=\"widget\" data-settings=\"{&quot;_animation&quot;:&quot;none&quot;}\" data-widget_type=\"heading.default\">\n\t\t\t\t<div class=\"elementor-widget-container\">\n\t\t\t<h2 class=\"elementor-heading-title elementor-size-default\">QUANDO A TRADI\u00c7\u00c3O GUIA A CRIA\u00c7\u00c3O<\/h2>\t\t<\/div>\n\t\t\t\t<\/div>\n\t\t\t\t<div class=\"elementor-element elementor-element-a6352dd elementor-widget-divider--view-line elementor-widget elementor-widget-divider\" data-id=\"a6352dd\" data-element_type=\"widget\" data-settings=\"{&quot;_animation&quot;:&quot;none&quot;}\" data-widget_type=\"divider.default\">\n\t\t\t\t<div class=\"elementor-widget-container\">\n\t\t\t\t\t<div class=\"elementor-divider\">\n\t\t\t<span class=\"elementor-divider-separator\">\n\t\t\t\t\t\t<\/span>\n\t\t<\/div>\n\t\t\t\t<\/div>\n\t\t\t\t<\/div>\n\t\t\t\t<div class=\"elementor-element elementor-element-e5fb7fd elementor-widget elementor-widget-text-editor\" data-id=\"e5fb7fd\" data-element_type=\"widget\" data-settings=\"{&quot;_animation&quot;:&quot;none&quot;}\" data-widget_type=\"text-editor.default\">\n\t\t\t\t<div class=\"elementor-widget-container\">\n\t\t\t\t\t\t\t<p>Trabalhamos incansavelmente e damos o nosso contributo no sentido de perpetuar a cria\u00e7\u00e3o de aut\u00eanticas obras-primas da viticultura. Edificada no cora\u00e7\u00e3o da propriedade, a adega do Pessegueiro distingue-se pela sua arquitetura not\u00e1vel que resulta das fun\u00e7\u00f5es do edif\u00edcio e, acima de tudo, do m\u00e9todo particular de vinifica\u00e7\u00e3o que acolhe. O edif\u00edcio eleva-se por cinco pisos e associa os m\u00e9todos tradicionais de produ\u00e7\u00e3o de vinhos de alta qualidade ao equipamento mais sofisticado. Verdadeiro desafio tecnol\u00f3gico, a nossa adega foi idealizada para utilizar a gravidade natural durante todo o processo de transforma\u00e7\u00e3o da uva em vinho.<\/p><p>Para preservar e respeitar o vinho ao m\u00e1ximo, a utiliza\u00e7\u00e3o de bombas foi totalmente proibida durante todo o processo, desde a rece\u00e7\u00e3o da uva at\u00e9 \u00e0 sala de barricas, n\u00e3o esquecendo a vinifica\u00e7\u00e3o em cubas. Dispomos de uma cuba elevador que liga os diferentes n\u00edveis da adega e nos permite realizar todos os movimentos necess\u00e1rios \u00e0 elabora\u00e7\u00e3o dos nossos vinhos por gravidade.  \nEste processo, exclusivamente por gravidade, assegura um tratamento suave e respeitoso do vinho.<\/p>\t\t\t\t\t\t<\/div>\n\t\t\t\t<\/div>\n\t\t\t\t\t<\/div>\n\t\t<\/div>\n\t\t\t\t<div class=\"elementor-column elementor-col-50 elementor-top-column elementor-element elementor-element-18e4bb17 elementor-invisible\" data-id=\"18e4bb17\" data-element_type=\"column\" data-settings=\"{&quot;animation&quot;:&quot;slideInRight&quot;,&quot;animation_mobile&quot;:&quot;fadeInUp&quot;}\">\n\t\t\t<div class=\"elementor-widget-wrap elementor-element-populated\">\n\t\t\t\t\t\t\t\t<div class=\"elementor-element elementor-element-d704132 elementor-invisible elementor-widget elementor-widget-image\" data-id=\"d704132\" data-element_type=\"widget\" data-settings=\"{&quot;_animation&quot;:&quot;fadeInRight&quot;}\" data-widget_type=\"image.default\">\n\t\t\t\t<div class=\"elementor-widget-container\">\n\t\t\t\t\t\t\t\t\t\t\t\t\t\t\t<img decoding=\"async\" src=\"https:\/\/www.quintadopessegueiro.com\/wp-content\/uploads\/elementor\/thumbs\/-CELLAR-LIFT-TANK-web-pbgmcukivny9h89gh2du1e2wz2e44e5intymaugnb4.jpg\" title=\"CELLAR LIFT TANK-web\" alt=\"\uf021 CELLAR LIFT TANK-web\" loading=\"lazy\" \/>\t\t\t\t\t\t\t\t\t\t\t\t\t\t\t<\/div>\n\t\t\t\t<\/div>\n\t\t\t\t\t<\/div>\n\t\t<\/div>\n\t\t\t\t\t\t\t<\/div>\n\t\t<\/section>\n\t\t\t\t\t\t\t<\/div>","protected":false},"excerpt":{"rendered":"<p>os nossos compromissos Compromissos da Quinta do Pessegueiro A filosofia da quinta de Roger Zannier combina a sabedoria da viticultura tradicional duriense com os conhecimentos cient\u00edficos modernos. A partilha de conhecimentos, a paix\u00e3o, a motiva\u00e7\u00e3o e o empenho dos colaboradores, que tamb\u00e9m cultivam o respeito pela terra e pela natureza, permitem melhorar, [...]<\/p>","protected":false},"author":3,"featured_media":0,"parent":40,"menu_order":0,"comment_status":"closed","ping_status":"closed","template":"","meta":{"inline_featured_image":false,"passster_activate_protection":false,"passster_protect_child_pages":"","passster_protection_type":"","passster_password":"","passster_activate_overwrite_defaults":"","passster_headline":"","passster_instruction":"","passster_placeholder":"","passster_button":"","passster_id":"","passster_activate_misc_settings":"","passster_redirect_url":"","passster_hide":"","passster_area_shortcode":""},"_links":{"self":[{"href":"https:\/\/www.quintadopessegueiro.com\/pt\/wp-json\/wp\/v2\/pages\/71"}],"collection":[{"href":"https:\/\/www.quintadopessegueiro.com\/pt\/wp-json\/wp\/v2\/pages"}],"about":[{"href":"https:\/\/www.quintadopessegueiro.com\/pt\/wp-json\/wp\/v2\/types\/page"}],"author":[{"embeddable":true,"href":"https:\/\/www.quintadopessegueiro.com\/pt\/wp-json\/wp\/v2\/users\/3"}],"replies":[{"embeddable":true,"href":"https:\/\/www.quintadopessegueiro.com\/pt\/wp-json\/wp\/v2\/comments?post=71"}],"version-history":[{"count":120,"href":"https:\/\/www.quintadopessegueiro.com\/pt\/wp-json\/wp\/v2\/pages\/71\/revisions"}],"predecessor-version":[{"id":7155,"href":"https:\/\/www.quintadopessegueiro.com\/pt\/wp-json\/wp\/v2\/pages\/71\/revisions\/7155"}],"up":[{"embeddable":true,"href":"https:\/\/www.quintadopessegueiro.com\/pt\/wp-json\/wp\/v2\/pages\/40"}],"wp:attachment":[{"href":"https:\/\/www.quintadopessegueiro.com\/pt\/wp-json\/wp\/v2\/media?parent=71"}],"curies":[{"name":"wp","href":"https:\/\/api.w.org\/{rel}","templated":true}]}}